{"id":7,"date":"2026-02-27T00:27:31","date_gmt":"2026-02-26T23:27:31","guid":{"rendered":"https:\/\/rumex.mendelu.cz\/nizkyles_mendelu_cz\/?page_id=7"},"modified":"2026-03-06T10:15:42","modified_gmt":"2026-03-06T09:15:42","slug":"nizky-les","status":"publish","type":"page","link":"https:\/\/nizkyles.mendelu.cz\/","title":{"rendered":"V\u00fdmladkov\u00e9 lesy"},"content":{"rendered":"\n<p class=\"wp-block-paragraph\">Str\u00e1nky v p\u0159\u00edprav\u011b.<\/p>\n\n\n\n<p class=\"wp-block-paragraph\"><\/p>\n","protected":false},"excerpt":{"rendered":"<p>Str\u00e1nky v p\u0159\u00edprav\u011b.<\/p>\n","protected":false},"author":1,"featured_media":0,"parent":0,"menu_order":0,"comment_status":"closed","ping_status":"closed","template":"","meta":{"zakra_page_container_layout":"customizer","zakra_page_sidebar_layout":"customizer","zakra_remove_content_margin":false,"zakra_sidebar":"customizer","zakra_transparent_header":"customizer","zakra_logo":0,"zakra_main_header_style":"default","zakra_menu_item_color":"","zakra_menu_item_hover_color":"","zakra_menu_item_active_color":"","zakra_menu_active_style":"","zakra_page_header":true,"_crdt_document":"","footnotes":""},"class_list":["post-7","page","type-page","status-publish","hentry"],"_links":{"self":[{"href":"https:\/\/nizkyles.mendelu.cz\/index.php\/wp-json\/wp\/v2\/pages\/7","targetHints":{"allow":["GET"]}}],"collection":[{"href":"https:\/\/nizkyles.mendelu.cz\/index.php\/wp-json\/wp\/v2\/pages"}],"about":[{"href":"https:\/\/nizkyles.mendelu.cz\/index.php\/wp-json\/wp\/v2\/types\/page"}],"author":[{"embeddable":true,"href":"https:\/\/nizkyles.mendelu.cz\/index.php\/wp-json\/wp\/v2\/users\/1"}],"replies":[{"embeddable":true,"href":"https:\/\/nizkyles.mendelu.cz\/index.php\/wp-json\/wp\/v2\/comments?post=7"}],"version-history":[{"count":4,"href":"https:\/\/nizkyles.mendelu.cz\/index.php\/wp-json\/wp\/v2\/pages\/7\/revisions"}],"predecessor-version":[{"id":21,"href":"https:\/\/nizkyles.mendelu.cz\/index.php\/wp-json\/wp\/v2\/pages\/7\/revisions\/21"}],"wp:attachment":[{"href":"https:\/\/nizkyles.mendelu.cz\/index.php\/wp-json\/wp\/v2\/media?parent=7"}],"curies":[{"name":"wp","href":"https:\/\/api.w.org\/{rel}","templated":true}]}}